{"id":1978,"date":"2023-10-02T10:48:21","date_gmt":"2023-10-02T10:48:21","guid":{"rendered":"https:\/\/gurndinalm.com\/privacy-policy\/"},"modified":"2024-06-03T14:00:08","modified_gmt":"2024-06-03T14:00:08","slug":"privacy-policy","status":"publish","type":"page","link":"https:\/\/gurndinalm.com\/it\/privacy-policy\/","title":{"rendered":"Privacy Policy"},"content":{"rendered":"[vc_row type=&#8221;full_width_background&#8221; full_screen_row_position=&#8221;middle&#8221; column_margin=&#8221;default&#8221; column_direction=&#8221;default&#8221; column_direction_tablet=&#8221;default&#8221; column_direction_phone=&#8221;default&#8221; scene_position=&#8221;center&#8221; top_padding=&#8221;5%&#8221; bottom_padding=&#8221;5%&#8221; text_color=&#8221;dark&#8221; text_align=&#8221;left&#8221; row_border_radius=&#8221;none&#8221; row_border_radius_applies=&#8221;bg&#8221; overflow=&#8221;visible&#8221; overlay_strength=&#8221;0.3&#8243; gradient_direction=&#8221;left_to_right&#8221; shape_divider_position=&#8221;bottom&#8221; bg_image_animation=&#8221;none&#8221; gradient_type=&#8221;default&#8221; shape_type=&#8221;&#8221;][vc_column column_padding=&#8221;no-extra-padding&#8221; column_padding_tablet=&#8221;inherit&#8221; column_padding_phone=&#8221;inherit&#8221; column_padding_position=&#8221;all&#8221; column_element_direction_desktop=&#8221;default&#8221; column_element_spacing=&#8221;default&#8221; desktop_text_alignment=&#8221;default&#8221; tablet_text_alignment=&#8221;default&#8221; phone_text_alignment=&#8221;default&#8221; background_color_opacity=&#8221;1&#8243; background_hover_color_opacity=&#8221;1&#8243; column_backdrop_filter=&#8221;none&#8221; column_shadow=&#8221;none&#8221; column_border_radius=&#8221;none&#8221; column_link_target=&#8221;_self&#8221; column_position=&#8221;default&#8221; gradient_direction=&#8221;left_to_right&#8221; overlay_strength=&#8221;0.3&#8243; width=&#8221;1\/1&#8243; tablet_width_inherit=&#8221;default&#8221; animation_type=&#8221;default&#8221; bg_image_animation=&#8221;none&#8221; border_type=&#8221;simple&#8221; column_border_width=&#8221;none&#8221; column_border_style=&#8221;solid&#8221;][split_line_heading animation_type=&#8221;line-reveal-by-space&#8221; font_style=&#8221;h1&#8243; line_reveal_by_space_text_effect=&#8221;default&#8221; content_alignment=&#8221;default&#8221; mobile_content_alignment=&#8221;inherit&#8221; link_target=&#8221;_self&#8221; text_content=&#8221;Informativa sulla privacy&#8221; text_direction=&#8221;default&#8221;][\/split_line_heading][vc_column_text css=&#8221;&#8221; text_direction=&#8221;default&#8221;]\n<p>Informativa ai sensi del Decreto Legislativo del 30.06.2003 &#8220;CODICE DELLA PRIVACY&#8221;<\/p>\n<p>Ai sensi dell&#8217;art. 13 (Informazione) del Decreto Legislativo n. 196 del 30 giugno 2003, informiamo che la nostra azienda Berggasthof Gurndin tratta i dati personali di clienti e fornitori, nonch\u00e9 di persone che comunicano volontariamente i loro dati anagrafici al nostro ufficio o alla direzione aziendale (per iscritto, telefonicamente, via fax o via e-mail).<\/p>\n<p>La nostra azienda garantisce, nell&#8217;ambito delle disposizioni di legge, che il trattamento dei dati personali avvenga nel rispetto dei diritti e delle libert\u00e0 fondamentali, nonch\u00e9 della dignit\u00e0 dell&#8217;interessato, con particolare riferimento alla riservatezza, all&#8217;identit\u00e0 personale e al diritto alla protezione dei dati personali.<\/p>\n<h3>Finalit\u00e0 e modalit\u00e0 del trattamento dei dati<\/h3>\n<ul>\n<li>Adempimento degli obblighi di legge, regolamenti, normativa comunitaria, norme civili e fiscali<\/li>\n<li>Adempimento degli eventuali obblighi contrattuali nei confronti dell&#8217;interessato<\/li>\n<li>Adempimento di attivit\u00e0 connesse all&#8217;attivit\u00e0 economica della nostra azienda, come la compilazione di statistiche interne, la fatturazione e la tenuta della contabilit\u00e0 clienti\/fornitori<\/li>\n<li>Finalit\u00e0 commerciali come l&#8217;invio di informazioni commerciali e materiale pubblicitario (per posta, fax e e-mail), marketing e ricerche di mercato<\/li>\n<li>Tutela dei crediti e gestione dei debiti<\/li>\n<li>Adempimento degli obblighi di segnalazione degli ospiti al comune, alle amministrazioni pubbliche e alle autorit\u00e0<\/li>\n<\/ul>\n<p>In relazione alle finalit\u00e0 sopra indicate, i dati personali possono essere comunicati, se necessario:<\/p>\n<ul>\n<li>Alle amministrazioni pubbliche e alle autorit\u00e0, ove previsto dalla legge<\/li>\n<li>Agli istituti di credito con i quali la nostra azienda intrattiene rapporti commerciali per la gestione di crediti\/debiti<\/li>\n<li>A tutte quelle persone fisiche e\/o giuridiche, pubbliche e\/o private (studi di consulenza legale, amministrativa e fiscale, tribunali, camere di commercio, ecc.), quando la comunicazione risulti necessaria o funzionale allo svolgimento della nostra attivit\u00e0 e nei modi sopra illustrati con le relative finalit\u00e0<\/li>\n<\/ul>\n<p>I dati personali trattati dalla nostra azienda non sono soggetti a diffusione. Il trattamento dei dati pu\u00f2 avvenire con o senza l&#8217;ausilio di mezzi elettronici, in ogni caso automatizzati, e comprende tutte le operazioni previste dall&#8217;art. 4, comma 1, lettera a del Decreto Legislativo n. 196 del 30 giugno 2003. Ossia ogni operazione o insieme di operazioni, effettuate anche senza l&#8217;ausilio di strumenti elettronici, concernenti la raccolta, registrazione, organizzazione, conservazione, elaborazione, modifica, selezione, estrazione, raffronto, utilizzo, interconnessione, blocco, comunicazione, diffusione, cancellazione e distruzione dei dati. In ogni caso, il trattamento dei dati avviene nel rispetto di tutte le misure di sicurezza che ne garantiscono la sicurezza e la riservatezza.<\/p>\n<p>La legge sulla privacy conferisce agli interessati la possibilit\u00e0 di esercitare determinati diritti ai sensi dell&#8217;art. 7. In particolare, l&#8217;interessato ha il diritto di sapere quali dati personali detiene il titolare e di ottenere indicazioni sul fatto che esistano dati che lo riguardano, anche se non ancora registrati, e di ricevere comunicazioni in forma comprensibile dei medesimi dati, della loro origine e delle finalit\u00e0 e modalit\u00e0 del trattamento, nonch\u00e9 delle indicazioni sul titolare e sui responsabili del trattamento e delle persone o categorie di persone alle quali i dati possono essere comunicati. L&#8217;interessato ha il diritto di ottenere l&#8217;aggiornamento, la rettificazione, l&#8217;integrazione dei dati, nonch\u00e9 la cancellazione, la trasformazione in forma anonima o il blocco dei dati trattati in violazione di legge. Ha il diritto di opporsi, in tutto o in parte, per motivi legittimi, al trattamento dei dati personali che lo riguardano, ancorch\u00e9 pertinenti allo scopo della raccolta, nonch\u00e9 al trattamento di dati personali che lo riguardano ai fini di invio di materiale pubblicitario o di vendita diretta o per il compimento di ricerche di mercato o di comunicazione commerciale.<\/p>\n<p>I diritti in questione possono essere esercitati dall&#8217;interessato o da un incaricato, mediante richiesta al responsabile Fam. Dipauli, Berggasthof Gurndin, Eich 28\/2, 39040 Aldino, tramite raccomandata o e-mail all&#8217;indirizzo <a target=\"_new\" rel=\"noreferrer noopener\">info@gurndinalm.com<\/a>.<\/p>\n<p>Il titolare del trattamento dei dati \u00e8: Berggasthof Gurndin \u2013 nella persona del legale rappresentante Fam. Dipauli, Berggasthof Gurndin, Eich 28\/2, 39040 Aldino.<\/p>\n[\/vc_column_text][\/vc_column][\/vc_row]\n","protected":false},"excerpt":{"rendered":"<p>[vc_row type=&#8221;full_width_background&#8221; full_screen_row_position=&#8221;middle&#8221; column_margin=&#8221;default&#8221; column_direction=&#8221;default&#8221; column_direction_tablet=&#8221;default&#8221; column_direction_phone=&#8221;default&#8221; scene_position=&#8221;center&#8221; top_padding=&#8221;5%&#8221; bottom_padding=&#8221;5%&#8221; text_color=&#8221;dark&#8221; text_align=&#8221;left&#8221; row_border_radius=&#8221;none&#8221; row_border_radius_applies=&#8221;bg&#8221; overflow=&#8221;visible&#8221; overlay_strength=&#8221;0.3&#8243; gradient_direction=&#8221;left_to_right&#8221; shape_divider_position=&#8221;bottom&#8221; bg_image_animation=&#8221;none&#8221; gradient_type=&#8221;default&#8221; shape_type=&#8221;&#8221;][vc_column column_padding=&#8221;no-extra-padding&#8221; column_padding_tablet=&#8221;inherit&#8221; column_padding_phone=&#8221;inherit&#8221; column_padding_position=&#8221;all&#8221; column_element_direction_desktop=&#8221;default&#8221; column_element_spacing=&#8221;default&#8221; desktop_text_alignment=&#8221;default&#8221; tablet_text_alignment=&#8221;default&#8221; phone_text_alignment=&#8221;default&#8221;&#8230;<\/p>\n","protected":false},"author":1,"featured_media":0,"parent":0,"menu_order":0,"comment_status":"closed","ping_status":"closed","template":"","meta":{"footnotes":""},"class_list":["post-1978","page","type-page","status-publish"],"_links":{"self":[{"href":"https:\/\/gurndinalm.com\/it\/wp-json\/wp\/v2\/pages\/1978","targetHints":{"allow":["GET"]}}],"collection":[{"href":"https:\/\/gurndinalm.com\/it\/wp-json\/wp\/v2\/pages"}],"about":[{"href":"https:\/\/gurndinalm.com\/it\/wp-json\/wp\/v2\/types\/page"}],"author":[{"embeddable":true,"href":"https:\/\/gurndinalm.com\/it\/wp-json\/wp\/v2\/users\/1"}],"replies":[{"embeddable":true,"href":"https:\/\/gurndinalm.com\/it\/wp-json\/wp\/v2\/comments?post=1978"}],"version-history":[{"count":1,"href":"https:\/\/gurndinalm.com\/it\/wp-json\/wp\/v2\/pages\/1978\/revisions"}],"predecessor-version":[{"id":1979,"href":"https:\/\/gurndinalm.com\/it\/wp-json\/wp\/v2\/pages\/1978\/revisions\/1979"}],"wp:attachment":[{"href":"https:\/\/gurndinalm.com\/it\/wp-json\/wp\/v2\/media?parent=1978"}],"curies":[{"name":"wp","href":"https:\/\/api.w.org\/{rel}","templated":true}]}}